{"id":12,"date":"2017-08-09T18:39:30","date_gmt":"2017-08-09T21:39:30","guid":{"rendered":"http:\/\/bioecoambiental.com.br\/br\/?page_id=12"},"modified":"2017-11-18T13:01:59","modified_gmt":"2017-11-18T15:01:59","slug":"quemo-somos","status":"publish","type":"page","link":"https:\/\/bioecoambiental.com.br\/br\/quemo-somos\/","title":{"rendered":"Quem Somos"},"content":{"rendered":"<h3>APRESENTA\u00c7\u00c3O<\/h3>\n<p><em>BIO<\/em> significa \u201c<em>vida<\/em>\u201d, um termo de origem grega utilizado em palavras que tenham alguma rela\u00e7\u00e3o com o ser vivo.<\/p>\n<p><em>ECO<\/em> de ecologia, a palavra tem origem no grego \u201c<em>oikos<\/em>\u201d, que significa casa, e \u201c<em>logos<\/em>\u201d, estudo.<\/p>\n<p>A BIOECO nasceu em 2015 no munic\u00edpio de Joinville, estado de Santa Catarina com o objetivo de crescer e perpetuar. Para isso, n\u00f3s da BIOECO entendemos que todos os elos que envolve a vida, o meio ambiente e o desenvolvimento de uma sociedade dependem de um bom planejamento e da execu\u00e7\u00e3o de estudos necess\u00e1rios para uma boa implanta\u00e7\u00e3o e execu\u00e7\u00e3o.<\/p>\n<p>Nosso foco \u00e9 no controle e redu\u00e7\u00e3o da gera\u00e7\u00e3o dos impactos negativos e potencializa\u00e7\u00e3o dos impactos positivos.<\/p>\n<h3>POLITICA DA EMPRESA<\/h3>\n<p>A BIOECO \u00e9 uma empresa de Engenharia e Consultoria Ambiental, que desenvolve suas atividades buscando o equil\u00edbrio econ\u00f4mico, social e ambiental com respeito as legisla\u00e7\u00f5es vigentes, e atuando incansavelmente na busca da melhoria cont\u00ednua, no atendimento com excel\u00eancia e na clareza de seus processos.<\/p>\n<h3>MISS\u00c3O<\/h3>\n<p>Aprimorar solu\u00e7\u00f5es que agreguem valores aos clientes, parceiros e fornecedores com qualidade, competitividade e respeito ao meio ambiente e \u00e0 comunidade, atuando de modo integrado e em condi\u00e7\u00f5es permita o progresso em harmonia com o desenvolvimento humano<\/p>\n<h3>VALORES<\/h3>\n<ul>\n<li>Foco no Resultado;<\/li>\n<li>Integridade;<\/li>\n<li>Aperfei\u00e7oamento cont\u00ednuo;<\/li>\n<li>\u00c9tica;<\/li>\n<li>Ser apaixonado pelo que faz proporcionando sempre um ambiente alegre e saud\u00e1vel.<\/li>\n<\/ul>\n<h3>VIS\u00c3O<\/h3>\n<p>Ser uma empresa refer\u00eancia em Santa Catarina e regi\u00e3o, em solu\u00e7\u00f5es com qualidade na presta\u00e7\u00e3o de servi\u00e7os de consultoria e engenharia ambiental buscando atuar no mercado de forma \u00e9tica, trabalhando em conjunto com o crescimento dos seus clientes.<\/p>\n","protected":false},"excerpt":{"rendered":"<p>APRESENTA\u00c7\u00c3O BIO significa \u201cvida\u201d, um termo de origem grega utilizado em palavras que tenham alguma rela\u00e7\u00e3o com o ser vivo. ECO de ecologia, a palavra tem origem no grego \u201coikos\u201d, que significa casa, e \u201clogos\u201d, estudo. A BIOECO nasceu em 2015 no munic\u00edpio de Joinville, estado de Santa Catarina com o objetivo de crescer e [&hellip;]<\/p>\n","protected":false},"author":1,"featured_media":0,"parent":0,"menu_order":0,"comment_status":"closed","ping_status":"closed","template":"","meta":[],"_links":{"self":[{"href":"https:\/\/bioecoambiental.com.br\/br\/wp-json\/wp\/v2\/pages\/12"}],"collection":[{"href":"https:\/\/bioecoambiental.com.br\/br\/wp-json\/wp\/v2\/pages"}],"about":[{"href":"https:\/\/bioecoambiental.com.br\/br\/wp-json\/wp\/v2\/types\/page"}],"author":[{"embeddable":true,"href":"https:\/\/bioecoambiental.com.br\/br\/wp-json\/wp\/v2\/users\/1"}],"replies":[{"embeddable":true,"href":"https:\/\/bioecoambiental.com.br\/br\/wp-json\/wp\/v2\/comments?post=12"}],"version-history":[{"count":10,"href":"https:\/\/bioecoambiental.com.br\/br\/wp-json\/wp\/v2\/pages\/12\/revisions"}],"predecessor-version":[{"id":173,"href":"https:\/\/bioecoambiental.com.br\/br\/wp-json\/wp\/v2\/pages\/12\/revisions\/173"}],"wp:attachment":[{"href":"https:\/\/bioecoambiental.com.br\/br\/wp-json\/wp\/v2\/media?parent=12"}],"curies":[{"name":"wp","href":"https:\/\/api.w.org\/{rel}","templated":true}]}}