{"id":16,"date":"2017-08-09T18:41:27","date_gmt":"2017-08-09T21:41:27","guid":{"rendered":"http:\/\/bioecoambiental.com.br\/br\/?page_id=16"},"modified":"2017-11-18T13:21:52","modified_gmt":"2017-11-18T15:21:52","slug":"especialidade","status":"publish","type":"page","link":"https:\/\/bioecoambiental.com.br\/br\/especialidade\/","title":{"rendered":"Especialidade"},"content":{"rendered":"<h3>\u00c1REAS DE ATUA\u00c7\u00c3O<\/h3>\n<p>A BIOECO Consultoria e Engenharia Ambiental desenvolve projetos com solu\u00e7\u00f5es sustent\u00e1veis que buscam a conformidade e o equil\u00edbrio entre atividades nos setores de:<\/p>\n<ul>\n<li>Infraestrutura;<\/li>\n<li>Constru\u00e7\u00e3o Civil;<\/li>\n<li>Extra\u00e7\u00e3o Mineral;<\/li>\n<li>Produ\u00e7\u00e3o Industrial;<\/li>\n<li>Setor Comercial;<\/li>\n<li>Desenvolvimento Urbano;<\/li>\n<li>Entidades, Institui\u00e7\u00f5es, ONGs.<\/li>\n<\/ul>\n<h3>Dentre os principais servi\u00e7os destacam-se:<\/h3>\n<ul>\n<li>Controles e Monitoramentos Ambientais:\n<ul>\n<li>Condicionantes de licen\u00e7a ambiental;<\/li>\n<li>Invent\u00e1rio de res\u00edduos;<\/li>\n<li>Monitoramento de ru\u00eddo;<\/li>\n<li>Relat\u00f3rios t\u00e9cnicos das atividades industriais.<\/li>\n<\/ul>\n<\/li>\n<li>Estudos ambientais: RAP, ECA, EAS, DCA, EIA\/RIMA, RAS;<\/li>\n<li>Estudos de Impacto de Vizinhan\u00e7a &#8211; EIV;<\/li>\n<li>Processo de licenciamento ambiental: LAP, LAI, LAO, AuA, CCA;<\/li>\n<li>Processos de Supress\u00e3o de Vegeta\u00e7\u00e3o, Invent\u00e1rio Florestal, Faun\u00edstico e Projetos de Recupera\u00e7\u00e3o de \u00c1rea Degradada \u2013 PRAD;<\/li>\n<li>Processos de Averba\u00e7\u00e3o de \u00c1reas de Manuten\u00e7\u00e3o Florestal e Compensa\u00e7\u00e3o Ambiental;<\/li>\n<li>Pareceres e Laudos ambientais;<\/li>\n<li>Programa de Gerenciamento de Res\u00edduos e Plano de Monitoramento de Ru\u00eddo;<\/li>\n<li>Cadastro Ambiental Rural \u2013 CAR;<\/li>\n<li>Estudos de Viabilidade Ambiental;<\/li>\n<li>Defesas de autua\u00e7\u00e3o de infra\u00e7\u00e3o e notifica\u00e7\u00e3o ambiental;<\/li>\n<li>Projetos na \u00e1rea da constru\u00e7\u00e3o civil: Arquitet\u00f4nico, Terraplanagem, Hidrosanit\u00e1rio, Legal, Preventivo de Inc\u00eandio.<\/li>\n<\/ul>\n","protected":false},"excerpt":{"rendered":"<p>\u00c1REAS DE ATUA\u00c7\u00c3O A BIOECO Consultoria e Engenharia Ambiental desenvolve projetos com solu\u00e7\u00f5es sustent\u00e1veis que buscam a conformidade e o equil\u00edbrio entre atividades nos setores de: Infraestrutura; Constru\u00e7\u00e3o Civil; Extra\u00e7\u00e3o Mineral; Produ\u00e7\u00e3o Industrial; Setor Comercial; Desenvolvimento Urbano; Entidades, Institui\u00e7\u00f5es, ONGs. Dentre os principais servi\u00e7os destacam-se: Controles e Monitoramentos Ambientais: Condicionantes de licen\u00e7a ambiental; Invent\u00e1rio de [&hellip;]<\/p>\n","protected":false},"author":1,"featured_media":0,"parent":0,"menu_order":0,"comment_status":"closed","ping_status":"closed","template":"","meta":[],"_links":{"self":[{"href":"https:\/\/bioecoambiental.com.br\/br\/wp-json\/wp\/v2\/pages\/16"}],"collection":[{"href":"https:\/\/bioecoambiental.com.br\/br\/wp-json\/wp\/v2\/pages"}],"about":[{"href":"https:\/\/bioecoambiental.com.br\/br\/wp-json\/wp\/v2\/types\/page"}],"author":[{"embeddable":true,"href":"https:\/\/bioecoambiental.com.br\/br\/wp-json\/wp\/v2\/users\/1"}],"replies":[{"embeddable":true,"href":"https:\/\/bioecoambiental.com.br\/br\/wp-json\/wp\/v2\/comments?post=16"}],"version-history":[{"count":12,"href":"https:\/\/bioecoambiental.com.br\/br\/wp-json\/wp\/v2\/pages\/16\/revisions"}],"predecessor-version":[{"id":175,"href":"https:\/\/bioecoambiental.com.br\/br\/wp-json\/wp\/v2\/pages\/16\/revisions\/175"}],"wp:attachment":[{"href":"https:\/\/bioecoambiental.com.br\/br\/wp-json\/wp\/v2\/media?parent=16"}],"curies":[{"name":"wp","href":"https:\/\/api.w.org\/{rel}","templated":true}]}}